{"id":1643,"date":"2020-06-01T17:59:30","date_gmt":"2020-06-01T15:59:30","guid":{"rendered":"https:\/\/www.bonioni.com\/accueil\/"},"modified":"2024-06-13T19:09:56","modified_gmt":"2024-06-13T17:09:56","slug":"accueil","status":"publish","type":"page","link":"https:\/\/www.bonioni.com\/pl\/","title":{"rendered":"STRONA G\u0141\u00d3WNA"},"content":{"rendered":"<p>&nbsp;<\/p>\n<div id=\"sconnect-is-installed\" style=\"display: none;\"><\/div>\n<div id=\"sconnect-is-installed\" style=\"display: none;\"><\/div>\n<div id=\"sconnect-is-installed\" style=\"display: none;\"><\/div>\n<div id=\"sconnect-is-installed\" style=\"display: none;\"><\/div>\n<div id=\"sconnect-is-installed\" style=\"display: none;\"><\/div>\n<div id=\"sconnect-is-installed\" style=\"display: none;\"><\/div>\n<div id=\"sconnect-is-installed\" style=\"display: none;\"><\/div>\n<div id=\"sconnect-is-installed\" style=\"display: none;\"><\/div>\n<div id=\"sconnect-is-installed\" style=\"display: none;\"><\/div>\n","protected":false},"excerpt":{"rendered":"<p>&nbsp;<\/p>\n","protected":false},"author":1,"featured_media":0,"parent":0,"menu_order":0,"comment_status":"closed","ping_status":"closed","template":"","meta":{"_acf_changed":false,"inline_featured_image":false,"footnotes":""},"categories":[],"class_list":["post-1643","page","type-page","status-publish","hentry"],"acf":[],"yoast_head":"<!-- This site is optimized with the Yoast SEO plugin v27.3 - https:\/\/yoast.com\/product\/yoast-seo-wordpress\/ -->\n<title>STRONA G\u0141\u00d3WNA - Bonioni<\/title>\n<meta name=\"description\" content=\"Jako ekspert w dziedzinie obr\u00f3bki plastycznej na zimno, Bonioni zajmuje si\u0119 wszystkimi bran\u017cami zwi\u0105zanymi z produkcj\u0105 cz\u0119\u015bci na podstawie rysunk\u00f3w lub specjalnych \u015brub, a tak\u017ce zwi\u0105zanymi z tym technologiami: obr\u00f3bk\u0105 skrawaniem, obtryskiwaniem, monta\u017cem itp.\" \/>\n<meta name=\"robots\" content=\"index, follow, max-snippet:-1, max-image-preview:large, max-video-preview:-1\" \/>\n<link rel=\"canonical\" href=\"https:\/\/www.bonioni.com\/pl\/\" \/>\n<meta property=\"og:locale\" content=\"pl_PL\" \/>\n<meta property=\"og:type\" content=\"article\" \/>\n<meta property=\"og:title\" content=\"STRONA G\u0141\u00d3WNA - Bonioni\" \/>\n<meta property=\"og:description\" content=\"Jako ekspert w dziedzinie obr\u00f3bki plastycznej na zimno, Bonioni zajmuje si\u0119 wszystkimi bran\u017cami zwi\u0105zanymi z produkcj\u0105 cz\u0119\u015bci na podstawie rysunk\u00f3w lub specjalnych \u015brub, a tak\u017ce zwi\u0105zanymi z tym technologiami: obr\u00f3bk\u0105 skrawaniem, obtryskiwaniem, monta\u017cem itp.\" \/>\n<meta property=\"og:url\" content=\"https:\/\/www.bonioni.com\/pl\/\" \/>\n<meta property=\"og:site_name\" content=\"Bonioni\" \/>\n<meta property=\"article:modified_time\" content=\"2024-06-13T17:09:56+00:00\" \/>\n<meta name=\"twitter:card\" content=\"summary_large_image\" \/>\n<script type=\"application\/ld+json\" class=\"yoast-schema-graph\">{\"@context\":\"https:\\\/\\\/schema.org\",\"@graph\":[{\"@type\":\"WebPage\",\"@id\":\"https:\\\/\\\/www.bonioni.com\\\/pl\\\/\",\"url\":\"https:\\\/\\\/www.bonioni.com\\\/pl\\\/\",\"name\":\"STRONA G\u0141\u00d3WNA - Bonioni\",\"isPartOf\":{\"@id\":\"https:\\\/\\\/www.bonioni.com\\\/pl\\\/#website\"},\"datePublished\":\"2020-06-01T15:59:30+00:00\",\"dateModified\":\"2024-06-13T17:09:56+00:00\",\"description\":\"Jako ekspert w dziedzinie obr\u00f3bki plastycznej na zimno, Bonioni zajmuje si\u0119 wszystkimi bran\u017cami zwi\u0105zanymi z produkcj\u0105 cz\u0119\u015bci na podstawie rysunk\u00f3w lub specjalnych \u015brub, a tak\u017ce zwi\u0105zanymi z tym technologiami: obr\u00f3bk\u0105 skrawaniem, obtryskiwaniem, monta\u017cem itp.\",\"breadcrumb\":{\"@id\":\"https:\\\/\\\/www.bonioni.com\\\/pl\\\/#breadcrumb\"},\"inLanguage\":\"pl-PL\",\"potentialAction\":[{\"@type\":\"ReadAction\",\"target\":[\"https:\\\/\\\/www.bonioni.com\\\/pl\\\/\"]}]},{\"@type\":\"BreadcrumbList\",\"@id\":\"https:\\\/\\\/www.bonioni.com\\\/pl\\\/#breadcrumb\",\"itemListElement\":[{\"@type\":\"ListItem\",\"position\":1,\"name\":\"Home\",\"item\":\"https:\\\/\\\/www.bonioni.com\\\/pl\\\/\"},{\"@type\":\"ListItem\",\"position\":2,\"name\":\"STRONA G\u0141\u00d3WNA\"}]},{\"@type\":\"WebSite\",\"@id\":\"https:\\\/\\\/www.bonioni.com\\\/pl\\\/#website\",\"url\":\"https:\\\/\\\/www.bonioni.com\\\/pl\\\/\",\"name\":\"Bonioni\",\"description\":\"Expert de la frappe \u00e0 froid depuis 1956\",\"potentialAction\":[{\"@type\":\"SearchAction\",\"target\":{\"@type\":\"EntryPoint\",\"urlTemplate\":\"https:\\\/\\\/www.bonioni.com\\\/pl\\\/?s={search_term_string}\"},\"query-input\":{\"@type\":\"PropertyValueSpecification\",\"valueRequired\":true,\"valueName\":\"search_term_string\"}}],\"inLanguage\":\"pl-PL\"}]}<\/script>\n<!-- \/ Yoast SEO plugin. -->","yoast_head_json":{"title":"STRONA G\u0141\u00d3WNA - Bonioni","description":"Jako ekspert w dziedzinie obr\u00f3bki plastycznej na zimno, Bonioni zajmuje si\u0119 wszystkimi bran\u017cami zwi\u0105zanymi z produkcj\u0105 cz\u0119\u015bci na podstawie rysunk\u00f3w lub specjalnych \u015brub, a tak\u017ce zwi\u0105zanymi z tym technologiami: obr\u00f3bk\u0105 skrawaniem, obtryskiwaniem, monta\u017cem itp.","robots":{"index":"index","follow":"follow","max-snippet":"max-snippet:-1","max-image-preview":"max-image-preview:large","max-video-preview":"max-video-preview:-1"},"canonical":"https:\/\/www.bonioni.com\/pl\/","og_locale":"pl_PL","og_type":"article","og_title":"STRONA G\u0141\u00d3WNA - Bonioni","og_description":"Jako ekspert w dziedzinie obr\u00f3bki plastycznej na zimno, Bonioni zajmuje si\u0119 wszystkimi bran\u017cami zwi\u0105zanymi z produkcj\u0105 cz\u0119\u015bci na podstawie rysunk\u00f3w lub specjalnych \u015brub, a tak\u017ce zwi\u0105zanymi z tym technologiami: obr\u00f3bk\u0105 skrawaniem, obtryskiwaniem, monta\u017cem itp.","og_url":"https:\/\/www.bonioni.com\/pl\/","og_site_name":"Bonioni","article_modified_time":"2024-06-13T17:09:56+00:00","twitter_card":"summary_large_image","schema":{"@context":"https:\/\/schema.org","@graph":[{"@type":"WebPage","@id":"https:\/\/www.bonioni.com\/pl\/","url":"https:\/\/www.bonioni.com\/pl\/","name":"STRONA G\u0141\u00d3WNA - Bonioni","isPartOf":{"@id":"https:\/\/www.bonioni.com\/pl\/#website"},"datePublished":"2020-06-01T15:59:30+00:00","dateModified":"2024-06-13T17:09:56+00:00","description":"Jako ekspert w dziedzinie obr\u00f3bki plastycznej na zimno, Bonioni zajmuje si\u0119 wszystkimi bran\u017cami zwi\u0105zanymi z produkcj\u0105 cz\u0119\u015bci na podstawie rysunk\u00f3w lub specjalnych \u015brub, a tak\u017ce zwi\u0105zanymi z tym technologiami: obr\u00f3bk\u0105 skrawaniem, obtryskiwaniem, monta\u017cem itp.","breadcrumb":{"@id":"https:\/\/www.bonioni.com\/pl\/#breadcrumb"},"inLanguage":"pl-PL","potentialAction":[{"@type":"ReadAction","target":["https:\/\/www.bonioni.com\/pl\/"]}]},{"@type":"BreadcrumbList","@id":"https:\/\/www.bonioni.com\/pl\/#breadcrumb","itemListElement":[{"@type":"ListItem","position":1,"name":"Home","item":"https:\/\/www.bonioni.com\/pl\/"},{"@type":"ListItem","position":2,"name":"STRONA G\u0141\u00d3WNA"}]},{"@type":"WebSite","@id":"https:\/\/www.bonioni.com\/pl\/#website","url":"https:\/\/www.bonioni.com\/pl\/","name":"Bonioni","description":"Expert de la frappe \u00e0 froid depuis 1956","potentialAction":[{"@type":"SearchAction","target":{"@type":"EntryPoint","urlTemplate":"https:\/\/www.bonioni.com\/pl\/?s={search_term_string}"},"query-input":{"@type":"PropertyValueSpecification","valueRequired":true,"valueName":"search_term_string"}}],"inLanguage":"pl-PL"}]}},"_links":{"self":[{"href":"https:\/\/www.bonioni.com\/pl\/wp-json\/wp\/v2\/pages\/1643","targetHints":{"allow":["GET"]}}],"collection":[{"href":"https:\/\/www.bonioni.com\/pl\/wp-json\/wp\/v2\/pages"}],"about":[{"href":"https:\/\/www.bonioni.com\/pl\/wp-json\/wp\/v2\/types\/page"}],"author":[{"embeddable":true,"href":"https:\/\/www.bonioni.com\/pl\/wp-json\/wp\/v2\/users\/1"}],"replies":[{"embeddable":true,"href":"https:\/\/www.bonioni.com\/pl\/wp-json\/wp\/v2\/comments?post=1643"}],"version-history":[{"count":4,"href":"https:\/\/www.bonioni.com\/pl\/wp-json\/wp\/v2\/pages\/1643\/revisions"}],"predecessor-version":[{"id":4244,"href":"https:\/\/www.bonioni.com\/pl\/wp-json\/wp\/v2\/pages\/1643\/revisions\/4244"}],"wp:attachment":[{"href":"https:\/\/www.bonioni.com\/pl\/wp-json\/wp\/v2\/media?parent=1643"}],"wp:term":[{"taxonomy":"category","embeddable":true,"href":"https:\/\/www.bonioni.com\/pl\/wp-json\/wp\/v2\/categories?post=1643"}],"curies":[{"name":"wp","href":"https:\/\/api.w.org\/{rel}","templated":true}]}}