{"id":1767,"date":"2021-02-05T10:05:59","date_gmt":"2021-02-05T09:05:59","guid":{"rendered":"https:\/\/www.bonioni.com\/qui-sommes-nous\/"},"modified":"2022-10-21T12:02:41","modified_gmt":"2022-10-21T10:02:41","slug":"kim-jestesmy","status":"publish","type":"page","link":"https:\/\/www.bonioni.com\/pl\/kim-jestesmy\/","title":{"rendered":"Kim jeste\u015bmy?"},"content":{"rendered":"<p>&nbsp;<\/p>\n<div id=\"sconnect-is-installed\" style=\"display: none;\"><\/div>\n<div id=\"sconnect-is-installed\" style=\"display: none;\"><\/div>\n<div id=\"sconnect-is-installed\" style=\"display: none;\"><\/div>\n<div id=\"sconnect-is-installed\" style=\"display: none;\"><\/div>\n<div id=\"sconnect-is-installed\" style=\"display: none;\"><\/div>\n","protected":false},"excerpt":{"rendered":"<p>&nbsp;<\/p>\n","protected":false},"author":1,"featured_media":2846,"parent":0,"menu_order":7,"comment_status":"closed","ping_status":"closed","template":"","meta":{"_acf_changed":false,"inline_featured_image":false,"footnotes":""},"categories":[],"class_list":["post-1767","page","type-page","status-publish","has-post-thumbnail","hentry"],"acf":[],"yoast_head":"<!-- This site is optimized with the Yoast SEO plugin v27.3 - https:\/\/yoast.com\/product\/yoast-seo-wordpress\/ -->\n<title>Kim jeste\u015bmy? - Bonioni<\/title>\n<meta name=\"robots\" content=\"index, follow, max-snippet:-1, max-image-preview:large, max-video-preview:-1\" \/>\n<link rel=\"canonical\" href=\"https:\/\/www.bonioni.com\/pl\/kim-jestesmy\/\" \/>\n<meta property=\"og:locale\" content=\"pl_PL\" \/>\n<meta property=\"og:type\" content=\"article\" \/>\n<meta property=\"og:title\" content=\"Kim jeste\u015bmy? - Bonioni\" \/>\n<meta property=\"og:description\" content=\"&nbsp;\" \/>\n<meta property=\"og:url\" content=\"https:\/\/www.bonioni.com\/pl\/kim-jestesmy\/\" \/>\n<meta property=\"og:site_name\" content=\"Bonioni\" \/>\n<meta property=\"article:modified_time\" content=\"2022-10-21T10:02:41+00:00\" \/>\n<meta property=\"og:image\" content=\"https:\/\/www.bonioni.com\/app\/uploads\/2022\/05\/societe-frappe-a-froid-visserie-speciale-1.jpg\" \/>\n\t<meta property=\"og:image:width\" content=\"1920\" \/>\n\t<meta property=\"og:image:height\" content=\"504\" \/>\n\t<meta property=\"og:image:type\" content=\"image\/jpeg\" \/>\n<meta name=\"twitter:card\" content=\"summary_large_image\" \/>\n<script type=\"application\/ld+json\" class=\"yoast-schema-graph\">{\"@context\":\"https:\\\/\\\/schema.org\",\"@graph\":[{\"@type\":\"WebPage\",\"@id\":\"https:\\\/\\\/www.bonioni.com\\\/pl\\\/kim-jestesmy\\\/\",\"url\":\"https:\\\/\\\/www.bonioni.com\\\/pl\\\/kim-jestesmy\\\/\",\"name\":\"Kim jeste\u015bmy? - Bonioni\",\"isPartOf\":{\"@id\":\"https:\\\/\\\/www.bonioni.com\\\/pl\\\/#website\"},\"primaryImageOfPage\":{\"@id\":\"https:\\\/\\\/www.bonioni.com\\\/pl\\\/kim-jestesmy\\\/#primaryimage\"},\"image\":{\"@id\":\"https:\\\/\\\/www.bonioni.com\\\/pl\\\/kim-jestesmy\\\/#primaryimage\"},\"thumbnailUrl\":\"https:\\\/\\\/www.bonioni.com\\\/app\\\/uploads\\\/2022\\\/05\\\/societe-frappe-a-froid-visserie-speciale-1.jpg\",\"datePublished\":\"2021-02-05T09:05:59+00:00\",\"dateModified\":\"2022-10-21T10:02:41+00:00\",\"breadcrumb\":{\"@id\":\"https:\\\/\\\/www.bonioni.com\\\/pl\\\/kim-jestesmy\\\/#breadcrumb\"},\"inLanguage\":\"pl-PL\",\"potentialAction\":[{\"@type\":\"ReadAction\",\"target\":[\"https:\\\/\\\/www.bonioni.com\\\/pl\\\/kim-jestesmy\\\/\"]}]},{\"@type\":\"ImageObject\",\"inLanguage\":\"pl-PL\",\"@id\":\"https:\\\/\\\/www.bonioni.com\\\/pl\\\/kim-jestesmy\\\/#primaryimage\",\"url\":\"https:\\\/\\\/www.bonioni.com\\\/app\\\/uploads\\\/2022\\\/05\\\/societe-frappe-a-froid-visserie-speciale-1.jpg\",\"contentUrl\":\"https:\\\/\\\/www.bonioni.com\\\/app\\\/uploads\\\/2022\\\/05\\\/societe-frappe-a-froid-visserie-speciale-1.jpg\",\"width\":1920,\"height\":504,\"caption\":\"Socit\u00e9t\u00e9 frappe \u00e0 froid, visserie technique sp\u00e9ciale, pi\u00e8ce de fixation\"},{\"@type\":\"BreadcrumbList\",\"@id\":\"https:\\\/\\\/www.bonioni.com\\\/pl\\\/kim-jestesmy\\\/#breadcrumb\",\"itemListElement\":[{\"@type\":\"ListItem\",\"position\":1,\"name\":\"Home\",\"item\":\"https:\\\/\\\/www.bonioni.com\\\/pl\\\/\"},{\"@type\":\"ListItem\",\"position\":2,\"name\":\"Kim jeste\u015bmy?\"}]},{\"@type\":\"WebSite\",\"@id\":\"https:\\\/\\\/www.bonioni.com\\\/pl\\\/#website\",\"url\":\"https:\\\/\\\/www.bonioni.com\\\/pl\\\/\",\"name\":\"Bonioni\",\"description\":\"Expert de la frappe \u00e0 froid depuis 1956\",\"potentialAction\":[{\"@type\":\"SearchAction\",\"target\":{\"@type\":\"EntryPoint\",\"urlTemplate\":\"https:\\\/\\\/www.bonioni.com\\\/pl\\\/?s={search_term_string}\"},\"query-input\":{\"@type\":\"PropertyValueSpecification\",\"valueRequired\":true,\"valueName\":\"search_term_string\"}}],\"inLanguage\":\"pl-PL\"}]}<\/script>\n<!-- \/ Yoast SEO plugin. -->","yoast_head_json":{"title":"Kim jeste\u015bmy? - Bonioni","robots":{"index":"index","follow":"follow","max-snippet":"max-snippet:-1","max-image-preview":"max-image-preview:large","max-video-preview":"max-video-preview:-1"},"canonical":"https:\/\/www.bonioni.com\/pl\/kim-jestesmy\/","og_locale":"pl_PL","og_type":"article","og_title":"Kim jeste\u015bmy? - Bonioni","og_description":"&nbsp;","og_url":"https:\/\/www.bonioni.com\/pl\/kim-jestesmy\/","og_site_name":"Bonioni","article_modified_time":"2022-10-21T10:02:41+00:00","og_image":[{"width":1920,"height":504,"url":"https:\/\/www.bonioni.com\/app\/uploads\/2022\/05\/societe-frappe-a-froid-visserie-speciale-1.jpg","type":"image\/jpeg"}],"twitter_card":"summary_large_image","schema":{"@context":"https:\/\/schema.org","@graph":[{"@type":"WebPage","@id":"https:\/\/www.bonioni.com\/pl\/kim-jestesmy\/","url":"https:\/\/www.bonioni.com\/pl\/kim-jestesmy\/","name":"Kim jeste\u015bmy? - Bonioni","isPartOf":{"@id":"https:\/\/www.bonioni.com\/pl\/#website"},"primaryImageOfPage":{"@id":"https:\/\/www.bonioni.com\/pl\/kim-jestesmy\/#primaryimage"},"image":{"@id":"https:\/\/www.bonioni.com\/pl\/kim-jestesmy\/#primaryimage"},"thumbnailUrl":"https:\/\/www.bonioni.com\/app\/uploads\/2022\/05\/societe-frappe-a-froid-visserie-speciale-1.jpg","datePublished":"2021-02-05T09:05:59+00:00","dateModified":"2022-10-21T10:02:41+00:00","breadcrumb":{"@id":"https:\/\/www.bonioni.com\/pl\/kim-jestesmy\/#breadcrumb"},"inLanguage":"pl-PL","potentialAction":[{"@type":"ReadAction","target":["https:\/\/www.bonioni.com\/pl\/kim-jestesmy\/"]}]},{"@type":"ImageObject","inLanguage":"pl-PL","@id":"https:\/\/www.bonioni.com\/pl\/kim-jestesmy\/#primaryimage","url":"https:\/\/www.bonioni.com\/app\/uploads\/2022\/05\/societe-frappe-a-froid-visserie-speciale-1.jpg","contentUrl":"https:\/\/www.bonioni.com\/app\/uploads\/2022\/05\/societe-frappe-a-froid-visserie-speciale-1.jpg","width":1920,"height":504,"caption":"Socit\u00e9t\u00e9 frappe \u00e0 froid, visserie technique sp\u00e9ciale, pi\u00e8ce de fixation"},{"@type":"BreadcrumbList","@id":"https:\/\/www.bonioni.com\/pl\/kim-jestesmy\/#breadcrumb","itemListElement":[{"@type":"ListItem","position":1,"name":"Home","item":"https:\/\/www.bonioni.com\/pl\/"},{"@type":"ListItem","position":2,"name":"Kim jeste\u015bmy?"}]},{"@type":"WebSite","@id":"https:\/\/www.bonioni.com\/pl\/#website","url":"https:\/\/www.bonioni.com\/pl\/","name":"Bonioni","description":"Expert de la frappe \u00e0 froid depuis 1956","potentialAction":[{"@type":"SearchAction","target":{"@type":"EntryPoint","urlTemplate":"https:\/\/www.bonioni.com\/pl\/?s={search_term_string}"},"query-input":{"@type":"PropertyValueSpecification","valueRequired":true,"valueName":"search_term_string"}}],"inLanguage":"pl-PL"}]}},"_links":{"self":[{"href":"https:\/\/www.bonioni.com\/pl\/wp-json\/wp\/v2\/pages\/1767","targetHints":{"allow":["GET"]}}],"collection":[{"href":"https:\/\/www.bonioni.com\/pl\/wp-json\/wp\/v2\/pages"}],"about":[{"href":"https:\/\/www.bonioni.com\/pl\/wp-json\/wp\/v2\/types\/page"}],"author":[{"embeddable":true,"href":"https:\/\/www.bonioni.com\/pl\/wp-json\/wp\/v2\/users\/1"}],"replies":[{"embeddable":true,"href":"https:\/\/www.bonioni.com\/pl\/wp-json\/wp\/v2\/comments?post=1767"}],"version-history":[{"count":3,"href":"https:\/\/www.bonioni.com\/pl\/wp-json\/wp\/v2\/pages\/1767\/revisions"}],"predecessor-version":[{"id":3324,"href":"https:\/\/www.bonioni.com\/pl\/wp-json\/wp\/v2\/pages\/1767\/revisions\/3324"}],"wp:featuredmedia":[{"embeddable":true,"href":"https:\/\/www.bonioni.com\/pl\/wp-json\/wp\/v2\/media\/2846"}],"wp:attachment":[{"href":"https:\/\/www.bonioni.com\/pl\/wp-json\/wp\/v2\/media?parent=1767"}],"wp:term":[{"taxonomy":"category","embeddable":true,"href":"https:\/\/www.bonioni.com\/pl\/wp-json\/wp\/v2\/categories?post=1767"}],"curies":[{"name":"wp","href":"https:\/\/api.w.org\/{rel}","templated":true}]}}