{"id":3893,"date":"2023-05-02T10:17:59","date_gmt":"2023-05-02T08:17:59","guid":{"rendered":"https:\/\/www.bonioni.com\/?page_id=3893"},"modified":"2023-05-02T10:17:59","modified_gmt":"2023-05-02T08:17:59","slug":"zalety-speczania-na-zimno-w-porownaniu-z-obrobka-skrawaniem","status":"publish","type":"page","link":"https:\/\/www.bonioni.com\/pl\/zalety-speczania-na-zimno-w-porownaniu-z-obrobka-skrawaniem\/","title":{"rendered":"Zalety sp\u0119czania na zimno w por\u00f3wnaniu z obr\u00f3bk\u0105 skrawaniem"},"content":{"rendered":"","protected":false},"excerpt":{"rendered":"","protected":false},"author":1,"featured_media":3372,"parent":0,"menu_order":0,"comment_status":"closed","ping_status":"closed","template":"","meta":{"_acf_changed":false,"inline_featured_image":false,"footnotes":""},"categories":[],"class_list":["post-3893","page","type-page","status-publish","has-post-thumbnail","hentry"],"acf":[],"yoast_head":"<!-- This site is optimized with the Yoast SEO plugin v27.5 - https:\/\/yoast.com\/product\/yoast-seo-wordpress\/ -->\n<title>Zalety sp\u0119czania na zimno w por\u00f3wnaniu z obr\u00f3bk\u0105 skrawaniem - Bonioni<\/title>\n<meta name=\"robots\" content=\"index, follow, max-snippet:-1, max-image-preview:large, max-video-preview:-1\" \/>\n<link rel=\"canonical\" href=\"https:\/\/www.bonioni.com\/pl\/zalety-speczania-na-zimno-w-porownaniu-z-obrobka-skrawaniem\/\" \/>\n<meta property=\"og:locale\" content=\"pl_PL\" \/>\n<meta property=\"og:type\" content=\"article\" \/>\n<meta property=\"og:title\" content=\"Zalety sp\u0119czania na zimno w por\u00f3wnaniu z obr\u00f3bk\u0105 skrawaniem - Bonioni\" \/>\n<meta property=\"og:url\" content=\"https:\/\/www.bonioni.com\/pl\/zalety-speczania-na-zimno-w-porownaniu-z-obrobka-skrawaniem\/\" \/>\n<meta property=\"og:site_name\" content=\"Bonioni\" \/>\n<meta property=\"og:image\" content=\"https:\/\/www.bonioni.com\/app\/uploads\/2022\/11\/societe-frappe-a-froid-decolletage.webp\" \/>\n\t<meta property=\"og:image:width\" content=\"1920\" \/>\n\t<meta property=\"og:image:height\" content=\"504\" \/>\n\t<meta property=\"og:image:type\" content=\"image\/webp\" \/>\n<meta name=\"twitter:card\" content=\"summary_large_image\" \/>\n<script type=\"application\/ld+json\" class=\"yoast-schema-graph\">{\"@context\":\"https:\\\/\\\/schema.org\",\"@graph\":[{\"@type\":\"WebPage\",\"@id\":\"https:\\\/\\\/www.bonioni.com\\\/pl\\\/zalety-speczania-na-zimno-w-porownaniu-z-obrobka-skrawaniem\\\/\",\"url\":\"https:\\\/\\\/www.bonioni.com\\\/pl\\\/zalety-speczania-na-zimno-w-porownaniu-z-obrobka-skrawaniem\\\/\",\"name\":\"Zalety sp\u0119czania na zimno w por\u00f3wnaniu z obr\u00f3bk\u0105 skrawaniem - Bonioni\",\"isPartOf\":{\"@id\":\"https:\\\/\\\/www.bonioni.com\\\/pl\\\/#website\"},\"primaryImageOfPage\":{\"@id\":\"https:\\\/\\\/www.bonioni.com\\\/pl\\\/zalety-speczania-na-zimno-w-porownaniu-z-obrobka-skrawaniem\\\/#primaryimage\"},\"image\":{\"@id\":\"https:\\\/\\\/www.bonioni.com\\\/pl\\\/zalety-speczania-na-zimno-w-porownaniu-z-obrobka-skrawaniem\\\/#primaryimage\"},\"thumbnailUrl\":\"https:\\\/\\\/www.bonioni.com\\\/app\\\/uploads\\\/2022\\\/11\\\/societe-frappe-a-froid-decolletage.webp\",\"datePublished\":\"2023-05-02T08:17:59+00:00\",\"breadcrumb\":{\"@id\":\"https:\\\/\\\/www.bonioni.com\\\/pl\\\/zalety-speczania-na-zimno-w-porownaniu-z-obrobka-skrawaniem\\\/#breadcrumb\"},\"inLanguage\":\"pl-PL\",\"potentialAction\":[{\"@type\":\"ReadAction\",\"target\":[\"https:\\\/\\\/www.bonioni.com\\\/pl\\\/zalety-speczania-na-zimno-w-porownaniu-z-obrobka-skrawaniem\\\/\"]}]},{\"@type\":\"ImageObject\",\"inLanguage\":\"pl-PL\",\"@id\":\"https:\\\/\\\/www.bonioni.com\\\/pl\\\/zalety-speczania-na-zimno-w-porownaniu-z-obrobka-skrawaniem\\\/#primaryimage\",\"url\":\"https:\\\/\\\/www.bonioni.com\\\/app\\\/uploads\\\/2022\\\/11\\\/societe-frappe-a-froid-decolletage.webp\",\"contentUrl\":\"https:\\\/\\\/www.bonioni.com\\\/app\\\/uploads\\\/2022\\\/11\\\/societe-frappe-a-froid-decolletage.webp\",\"width\":1920,\"height\":504,\"caption\":\"Frappe \u00e0 froid vs d\u00e9colletage\"},{\"@type\":\"BreadcrumbList\",\"@id\":\"https:\\\/\\\/www.bonioni.com\\\/pl\\\/zalety-speczania-na-zimno-w-porownaniu-z-obrobka-skrawaniem\\\/#breadcrumb\",\"itemListElement\":[{\"@type\":\"ListItem\",\"position\":1,\"name\":\"Home\",\"item\":\"https:\\\/\\\/www.bonioni.com\\\/pl\\\/\"},{\"@type\":\"ListItem\",\"position\":2,\"name\":\"Zalety sp\u0119czania na zimno w por\u00f3wnaniu z obr\u00f3bk\u0105 skrawaniem\"}]},{\"@type\":\"WebSite\",\"@id\":\"https:\\\/\\\/www.bonioni.com\\\/pl\\\/#website\",\"url\":\"https:\\\/\\\/www.bonioni.com\\\/pl\\\/\",\"name\":\"Bonioni\",\"description\":\"Expert de la frappe \u00e0 froid depuis 1956\",\"potentialAction\":[{\"@type\":\"SearchAction\",\"target\":{\"@type\":\"EntryPoint\",\"urlTemplate\":\"https:\\\/\\\/www.bonioni.com\\\/pl\\\/?s={search_term_string}\"},\"query-input\":{\"@type\":\"PropertyValueSpecification\",\"valueRequired\":true,\"valueName\":\"search_term_string\"}}],\"inLanguage\":\"pl-PL\"}]}<\/script>\n<!-- \/ Yoast SEO plugin. -->","yoast_head_json":{"title":"Zalety sp\u0119czania na zimno w por\u00f3wnaniu z obr\u00f3bk\u0105 skrawaniem - Bonioni","robots":{"index":"index","follow":"follow","max-snippet":"max-snippet:-1","max-image-preview":"max-image-preview:large","max-video-preview":"max-video-preview:-1"},"canonical":"https:\/\/www.bonioni.com\/pl\/zalety-speczania-na-zimno-w-porownaniu-z-obrobka-skrawaniem\/","og_locale":"pl_PL","og_type":"article","og_title":"Zalety sp\u0119czania na zimno w por\u00f3wnaniu z obr\u00f3bk\u0105 skrawaniem - Bonioni","og_url":"https:\/\/www.bonioni.com\/pl\/zalety-speczania-na-zimno-w-porownaniu-z-obrobka-skrawaniem\/","og_site_name":"Bonioni","og_image":[{"width":1920,"height":504,"url":"https:\/\/www.bonioni.com\/app\/uploads\/2022\/11\/societe-frappe-a-froid-decolletage.webp","type":"image\/webp"}],"twitter_card":"summary_large_image","schema":{"@context":"https:\/\/schema.org","@graph":[{"@type":"WebPage","@id":"https:\/\/www.bonioni.com\/pl\/zalety-speczania-na-zimno-w-porownaniu-z-obrobka-skrawaniem\/","url":"https:\/\/www.bonioni.com\/pl\/zalety-speczania-na-zimno-w-porownaniu-z-obrobka-skrawaniem\/","name":"Zalety sp\u0119czania na zimno w por\u00f3wnaniu z obr\u00f3bk\u0105 skrawaniem - Bonioni","isPartOf":{"@id":"https:\/\/www.bonioni.com\/pl\/#website"},"primaryImageOfPage":{"@id":"https:\/\/www.bonioni.com\/pl\/zalety-speczania-na-zimno-w-porownaniu-z-obrobka-skrawaniem\/#primaryimage"},"image":{"@id":"https:\/\/www.bonioni.com\/pl\/zalety-speczania-na-zimno-w-porownaniu-z-obrobka-skrawaniem\/#primaryimage"},"thumbnailUrl":"https:\/\/www.bonioni.com\/app\/uploads\/2022\/11\/societe-frappe-a-froid-decolletage.webp","datePublished":"2023-05-02T08:17:59+00:00","breadcrumb":{"@id":"https:\/\/www.bonioni.com\/pl\/zalety-speczania-na-zimno-w-porownaniu-z-obrobka-skrawaniem\/#breadcrumb"},"inLanguage":"pl-PL","potentialAction":[{"@type":"ReadAction","target":["https:\/\/www.bonioni.com\/pl\/zalety-speczania-na-zimno-w-porownaniu-z-obrobka-skrawaniem\/"]}]},{"@type":"ImageObject","inLanguage":"pl-PL","@id":"https:\/\/www.bonioni.com\/pl\/zalety-speczania-na-zimno-w-porownaniu-z-obrobka-skrawaniem\/#primaryimage","url":"https:\/\/www.bonioni.com\/app\/uploads\/2022\/11\/societe-frappe-a-froid-decolletage.webp","contentUrl":"https:\/\/www.bonioni.com\/app\/uploads\/2022\/11\/societe-frappe-a-froid-decolletage.webp","width":1920,"height":504,"caption":"Frappe \u00e0 froid vs d\u00e9colletage"},{"@type":"BreadcrumbList","@id":"https:\/\/www.bonioni.com\/pl\/zalety-speczania-na-zimno-w-porownaniu-z-obrobka-skrawaniem\/#breadcrumb","itemListElement":[{"@type":"ListItem","position":1,"name":"Home","item":"https:\/\/www.bonioni.com\/pl\/"},{"@type":"ListItem","position":2,"name":"Zalety sp\u0119czania na zimno w por\u00f3wnaniu z obr\u00f3bk\u0105 skrawaniem"}]},{"@type":"WebSite","@id":"https:\/\/www.bonioni.com\/pl\/#website","url":"https:\/\/www.bonioni.com\/pl\/","name":"Bonioni","description":"Expert de la frappe \u00e0 froid depuis 1956","potentialAction":[{"@type":"SearchAction","target":{"@type":"EntryPoint","urlTemplate":"https:\/\/www.bonioni.com\/pl\/?s={search_term_string}"},"query-input":{"@type":"PropertyValueSpecification","valueRequired":true,"valueName":"search_term_string"}}],"inLanguage":"pl-PL"}]}},"_links":{"self":[{"href":"https:\/\/www.bonioni.com\/pl\/wp-json\/wp\/v2\/pages\/3893","targetHints":{"allow":["GET"]}}],"collection":[{"href":"https:\/\/www.bonioni.com\/pl\/wp-json\/wp\/v2\/pages"}],"about":[{"href":"https:\/\/www.bonioni.com\/pl\/wp-json\/wp\/v2\/types\/page"}],"author":[{"embeddable":true,"href":"https:\/\/www.bonioni.com\/pl\/wp-json\/wp\/v2\/users\/1"}],"replies":[{"embeddable":true,"href":"https:\/\/www.bonioni.com\/pl\/wp-json\/wp\/v2\/comments?post=3893"}],"version-history":[{"count":1,"href":"https:\/\/www.bonioni.com\/pl\/wp-json\/wp\/v2\/pages\/3893\/revisions"}],"predecessor-version":[{"id":3894,"href":"https:\/\/www.bonioni.com\/pl\/wp-json\/wp\/v2\/pages\/3893\/revisions\/3894"}],"wp:featuredmedia":[{"embeddable":true,"href":"https:\/\/www.bonioni.com\/pl\/wp-json\/wp\/v2\/media\/3372"}],"wp:attachment":[{"href":"https:\/\/www.bonioni.com\/pl\/wp-json\/wp\/v2\/media?parent=3893"}],"wp:term":[{"taxonomy":"category","embeddable":true,"href":"https:\/\/www.bonioni.com\/pl\/wp-json\/wp\/v2\/categories?post=3893"}],"curies":[{"name":"wp","href":"https:\/\/api.w.org\/{rel}","templated":true}]}}