{"id":4238,"date":"2024-06-13T18:49:20","date_gmt":"2024-06-13T16:49:20","guid":{"rendered":"https:\/\/www.bonioni.com\/?page_id=4238"},"modified":"2024-06-13T19:04:36","modified_gmt":"2024-06-13T17:04:36","slug":"producent-czesci-mocujacych-dla-przemyslu-kolejowego","status":"publish","type":"page","link":"https:\/\/www.bonioni.com\/pl\/producent-czesci-mocujacych-dla-przemyslu-kolejowego\/","title":{"rendered":"Producent cz\u0119\u015bci mocuj\u0105cych dla przemys\u0142u kolejowego"},"content":{"rendered":"","protected":false},"excerpt":{"rendered":"","protected":false},"author":9,"featured_media":4146,"parent":0,"menu_order":0,"comment_status":"closed","ping_status":"closed","template":"","meta":{"_acf_changed":false,"inline_featured_image":false,"footnotes":""},"categories":[],"class_list":["post-4238","page","type-page","status-publish","has-post-thumbnail","hentry"],"acf":[],"yoast_head":"<!-- This site is optimized with the Yoast SEO plugin v27.3 - https:\/\/yoast.com\/product\/yoast-seo-wordpress\/ -->\n<title>Producent cz\u0119\u015bci mocuj\u0105cych dla przemys\u0142u kolejowego - Bonioni<\/title>\n<meta name=\"description\" content=\"Producent cz\u0119\u015bci mocuj\u0105cych dla przemys\u0142u kolejowego. Grupa BONIONI produkuje komponenty techniczne, kt\u00f3re s\u0105 wykorzystywane w r\u00f3\u017cnych przedzia\u0142ach i cz\u0119\u015bciach poci\u0105gu do monta\u017cu, mocowania, a czasem nawet do konkretnych zastosowa\u0144\" \/>\n<meta name=\"robots\" content=\"index, follow, max-snippet:-1, max-image-preview:large, max-video-preview:-1\" \/>\n<link rel=\"canonical\" href=\"https:\/\/www.bonioni.com\/pl\/producent-czesci-mocujacych-dla-przemyslu-kolejowego\/\" \/>\n<meta property=\"og:locale\" content=\"pl_PL\" \/>\n<meta property=\"og:type\" content=\"article\" \/>\n<meta property=\"og:title\" content=\"Producent cz\u0119\u015bci mocuj\u0105cych dla przemys\u0142u kolejowego - Bonioni\" \/>\n<meta property=\"og:description\" content=\"Producent cz\u0119\u015bci mocuj\u0105cych dla przemys\u0142u kolejowego. Grupa BONIONI produkuje komponenty techniczne, kt\u00f3re s\u0105 wykorzystywane w r\u00f3\u017cnych przedzia\u0142ach i cz\u0119\u015bciach poci\u0105gu do monta\u017cu, mocowania, a czasem nawet do konkretnych zastosowa\u0144\" \/>\n<meta property=\"og:url\" content=\"https:\/\/www.bonioni.com\/pl\/producent-czesci-mocujacych-dla-przemyslu-kolejowego\/\" \/>\n<meta property=\"og:site_name\" content=\"Bonioni\" \/>\n<meta property=\"article:modified_time\" content=\"2024-06-13T17:04:36+00:00\" \/>\n<meta property=\"og:image\" content=\"https:\/\/www.bonioni.com\/app\/uploads\/2024\/06\/train-railway-eisenbahn-bonioni-3.webp\" \/>\n\t<meta property=\"og:image:width\" content=\"1792\" \/>\n\t<meta property=\"og:image:height\" content=\"793\" \/>\n\t<meta property=\"og:image:type\" content=\"image\/webp\" \/>\n<meta name=\"twitter:card\" content=\"summary_large_image\" \/>\n<script type=\"application\/ld+json\" class=\"yoast-schema-graph\">{\"@context\":\"https:\\\/\\\/schema.org\",\"@graph\":[{\"@type\":\"WebPage\",\"@id\":\"https:\\\/\\\/www.bonioni.com\\\/pl\\\/producent-czesci-mocujacych-dla-przemyslu-kolejowego\\\/\",\"url\":\"https:\\\/\\\/www.bonioni.com\\\/pl\\\/producent-czesci-mocujacych-dla-przemyslu-kolejowego\\\/\",\"name\":\"Producent cz\u0119\u015bci mocuj\u0105cych dla przemys\u0142u kolejowego - Bonioni\",\"isPartOf\":{\"@id\":\"https:\\\/\\\/www.bonioni.com\\\/pl\\\/#website\"},\"primaryImageOfPage\":{\"@id\":\"https:\\\/\\\/www.bonioni.com\\\/pl\\\/producent-czesci-mocujacych-dla-przemyslu-kolejowego\\\/#primaryimage\"},\"image\":{\"@id\":\"https:\\\/\\\/www.bonioni.com\\\/pl\\\/producent-czesci-mocujacych-dla-przemyslu-kolejowego\\\/#primaryimage\"},\"thumbnailUrl\":\"https:\\\/\\\/www.bonioni.com\\\/app\\\/uploads\\\/2024\\\/06\\\/train-railway-eisenbahn-bonioni-3.webp\",\"datePublished\":\"2024-06-13T16:49:20+00:00\",\"dateModified\":\"2024-06-13T17:04:36+00:00\",\"description\":\"Producent cz\u0119\u015bci mocuj\u0105cych dla przemys\u0142u kolejowego. Grupa BONIONI produkuje komponenty techniczne, kt\u00f3re s\u0105 wykorzystywane w r\u00f3\u017cnych przedzia\u0142ach i cz\u0119\u015bciach poci\u0105gu do monta\u017cu, mocowania, a czasem nawet do konkretnych zastosowa\u0144\",\"breadcrumb\":{\"@id\":\"https:\\\/\\\/www.bonioni.com\\\/pl\\\/producent-czesci-mocujacych-dla-przemyslu-kolejowego\\\/#breadcrumb\"},\"inLanguage\":\"pl-PL\",\"potentialAction\":[{\"@type\":\"ReadAction\",\"target\":[\"https:\\\/\\\/www.bonioni.com\\\/pl\\\/producent-czesci-mocujacych-dla-przemyslu-kolejowego\\\/\"]}]},{\"@type\":\"ImageObject\",\"inLanguage\":\"pl-PL\",\"@id\":\"https:\\\/\\\/www.bonioni.com\\\/pl\\\/producent-czesci-mocujacych-dla-przemyslu-kolejowego\\\/#primaryimage\",\"url\":\"https:\\\/\\\/www.bonioni.com\\\/app\\\/uploads\\\/2024\\\/06\\\/train-railway-eisenbahn-bonioni-3.webp\",\"contentUrl\":\"https:\\\/\\\/www.bonioni.com\\\/app\\\/uploads\\\/2024\\\/06\\\/train-railway-eisenbahn-bonioni-3.webp\",\"width\":1792,\"height\":793},{\"@type\":\"BreadcrumbList\",\"@id\":\"https:\\\/\\\/www.bonioni.com\\\/pl\\\/producent-czesci-mocujacych-dla-przemyslu-kolejowego\\\/#breadcrumb\",\"itemListElement\":[{\"@type\":\"ListItem\",\"position\":1,\"name\":\"Home\",\"item\":\"https:\\\/\\\/www.bonioni.com\\\/pl\\\/\"},{\"@type\":\"ListItem\",\"position\":2,\"name\":\"Producent cz\u0119\u015bci mocuj\u0105cych dla przemys\u0142u kolejowego\"}]},{\"@type\":\"WebSite\",\"@id\":\"https:\\\/\\\/www.bonioni.com\\\/pl\\\/#website\",\"url\":\"https:\\\/\\\/www.bonioni.com\\\/pl\\\/\",\"name\":\"Bonioni\",\"description\":\"Expert de la frappe \u00e0 froid depuis 1956\",\"potentialAction\":[{\"@type\":\"SearchAction\",\"target\":{\"@type\":\"EntryPoint\",\"urlTemplate\":\"https:\\\/\\\/www.bonioni.com\\\/pl\\\/?s={search_term_string}\"},\"query-input\":{\"@type\":\"PropertyValueSpecification\",\"valueRequired\":true,\"valueName\":\"search_term_string\"}}],\"inLanguage\":\"pl-PL\"}]}<\/script>\n<!-- \/ Yoast SEO plugin. -->","yoast_head_json":{"title":"Producent cz\u0119\u015bci mocuj\u0105cych dla przemys\u0142u kolejowego - Bonioni","description":"Producent cz\u0119\u015bci mocuj\u0105cych dla przemys\u0142u kolejowego. Grupa BONIONI produkuje komponenty techniczne, kt\u00f3re s\u0105 wykorzystywane w r\u00f3\u017cnych przedzia\u0142ach i cz\u0119\u015bciach poci\u0105gu do monta\u017cu, mocowania, a czasem nawet do konkretnych zastosowa\u0144","robots":{"index":"index","follow":"follow","max-snippet":"max-snippet:-1","max-image-preview":"max-image-preview:large","max-video-preview":"max-video-preview:-1"},"canonical":"https:\/\/www.bonioni.com\/pl\/producent-czesci-mocujacych-dla-przemyslu-kolejowego\/","og_locale":"pl_PL","og_type":"article","og_title":"Producent cz\u0119\u015bci mocuj\u0105cych dla przemys\u0142u kolejowego - Bonioni","og_description":"Producent cz\u0119\u015bci mocuj\u0105cych dla przemys\u0142u kolejowego. Grupa BONIONI produkuje komponenty techniczne, kt\u00f3re s\u0105 wykorzystywane w r\u00f3\u017cnych przedzia\u0142ach i cz\u0119\u015bciach poci\u0105gu do monta\u017cu, mocowania, a czasem nawet do konkretnych zastosowa\u0144","og_url":"https:\/\/www.bonioni.com\/pl\/producent-czesci-mocujacych-dla-przemyslu-kolejowego\/","og_site_name":"Bonioni","article_modified_time":"2024-06-13T17:04:36+00:00","og_image":[{"width":1792,"height":793,"url":"https:\/\/www.bonioni.com\/app\/uploads\/2024\/06\/train-railway-eisenbahn-bonioni-3.webp","type":"image\/webp"}],"twitter_card":"summary_large_image","schema":{"@context":"https:\/\/schema.org","@graph":[{"@type":"WebPage","@id":"https:\/\/www.bonioni.com\/pl\/producent-czesci-mocujacych-dla-przemyslu-kolejowego\/","url":"https:\/\/www.bonioni.com\/pl\/producent-czesci-mocujacych-dla-przemyslu-kolejowego\/","name":"Producent cz\u0119\u015bci mocuj\u0105cych dla przemys\u0142u kolejowego - Bonioni","isPartOf":{"@id":"https:\/\/www.bonioni.com\/pl\/#website"},"primaryImageOfPage":{"@id":"https:\/\/www.bonioni.com\/pl\/producent-czesci-mocujacych-dla-przemyslu-kolejowego\/#primaryimage"},"image":{"@id":"https:\/\/www.bonioni.com\/pl\/producent-czesci-mocujacych-dla-przemyslu-kolejowego\/#primaryimage"},"thumbnailUrl":"https:\/\/www.bonioni.com\/app\/uploads\/2024\/06\/train-railway-eisenbahn-bonioni-3.webp","datePublished":"2024-06-13T16:49:20+00:00","dateModified":"2024-06-13T17:04:36+00:00","description":"Producent cz\u0119\u015bci mocuj\u0105cych dla przemys\u0142u kolejowego. Grupa BONIONI produkuje komponenty techniczne, kt\u00f3re s\u0105 wykorzystywane w r\u00f3\u017cnych przedzia\u0142ach i cz\u0119\u015bciach poci\u0105gu do monta\u017cu, mocowania, a czasem nawet do konkretnych zastosowa\u0144","breadcrumb":{"@id":"https:\/\/www.bonioni.com\/pl\/producent-czesci-mocujacych-dla-przemyslu-kolejowego\/#breadcrumb"},"inLanguage":"pl-PL","potentialAction":[{"@type":"ReadAction","target":["https:\/\/www.bonioni.com\/pl\/producent-czesci-mocujacych-dla-przemyslu-kolejowego\/"]}]},{"@type":"ImageObject","inLanguage":"pl-PL","@id":"https:\/\/www.bonioni.com\/pl\/producent-czesci-mocujacych-dla-przemyslu-kolejowego\/#primaryimage","url":"https:\/\/www.bonioni.com\/app\/uploads\/2024\/06\/train-railway-eisenbahn-bonioni-3.webp","contentUrl":"https:\/\/www.bonioni.com\/app\/uploads\/2024\/06\/train-railway-eisenbahn-bonioni-3.webp","width":1792,"height":793},{"@type":"BreadcrumbList","@id":"https:\/\/www.bonioni.com\/pl\/producent-czesci-mocujacych-dla-przemyslu-kolejowego\/#breadcrumb","itemListElement":[{"@type":"ListItem","position":1,"name":"Home","item":"https:\/\/www.bonioni.com\/pl\/"},{"@type":"ListItem","position":2,"name":"Producent cz\u0119\u015bci mocuj\u0105cych dla przemys\u0142u kolejowego"}]},{"@type":"WebSite","@id":"https:\/\/www.bonioni.com\/pl\/#website","url":"https:\/\/www.bonioni.com\/pl\/","name":"Bonioni","description":"Expert de la frappe \u00e0 froid depuis 1956","potentialAction":[{"@type":"SearchAction","target":{"@type":"EntryPoint","urlTemplate":"https:\/\/www.bonioni.com\/pl\/?s={search_term_string}"},"query-input":{"@type":"PropertyValueSpecification","valueRequired":true,"valueName":"search_term_string"}}],"inLanguage":"pl-PL"}]}},"_links":{"self":[{"href":"https:\/\/www.bonioni.com\/pl\/wp-json\/wp\/v2\/pages\/4238","targetHints":{"allow":["GET"]}}],"collection":[{"href":"https:\/\/www.bonioni.com\/pl\/wp-json\/wp\/v2\/pages"}],"about":[{"href":"https:\/\/www.bonioni.com\/pl\/wp-json\/wp\/v2\/types\/page"}],"author":[{"embeddable":true,"href":"https:\/\/www.bonioni.com\/pl\/wp-json\/wp\/v2\/users\/9"}],"replies":[{"embeddable":true,"href":"https:\/\/www.bonioni.com\/pl\/wp-json\/wp\/v2\/comments?post=4238"}],"version-history":[{"count":3,"href":"https:\/\/www.bonioni.com\/pl\/wp-json\/wp\/v2\/pages\/4238\/revisions"}],"predecessor-version":[{"id":4243,"href":"https:\/\/www.bonioni.com\/pl\/wp-json\/wp\/v2\/pages\/4238\/revisions\/4243"}],"wp:featuredmedia":[{"embeddable":true,"href":"https:\/\/www.bonioni.com\/pl\/wp-json\/wp\/v2\/media\/4146"}],"wp:attachment":[{"href":"https:\/\/www.bonioni.com\/pl\/wp-json\/wp\/v2\/media?parent=4238"}],"wp:term":[{"taxonomy":"category","embeddable":true,"href":"https:\/\/www.bonioni.com\/pl\/wp-json\/wp\/v2\/categories?post=4238"}],"curies":[{"name":"wp","href":"https:\/\/api.w.org\/{rel}","templated":true}]}}