{"id":4326,"date":"2024-07-18T00:27:05","date_gmt":"2024-07-17T22:27:05","guid":{"rendered":"https:\/\/www.bonioni.com\/?page_id=4326"},"modified":"2024-07-18T01:06:25","modified_gmt":"2024-07-17T23:06:25","slug":"producent-speczanych-na-zimno-czesci-do-pojazdow-elektrycznych-e-mobilnosc","status":"publish","type":"page","link":"https:\/\/www.bonioni.com\/pl\/producent-speczanych-na-zimno-czesci-do-pojazdow-elektrycznych-e-mobilnosc\/","title":{"rendered":"Producent sp\u0119czanych na zimno cz\u0119\u015bci do pojazd\u00f3w elektrycznych"},"content":{"rendered":"<p>&nbsp;<\/p>\n<div id=\"sconnect-is-installed\" style=\"display: none;\"><\/div>\n<div id=\"sconnect-is-installed\" style=\"display: none;\"><\/div>\n<div id=\"sconnect-is-installed\" style=\"display: none;\"><\/div>\n<div id=\"sconnect-is-installed\" style=\"display: none;\"><\/div>\n<div id=\"sconnect-is-installed\" style=\"display: none;\"><\/div>\n<div id=\"sconnect-is-installed\" style=\"display: none;\"><\/div>\n<div id=\"sconnect-is-installed\" style=\"display: none;\"><\/div>\n","protected":false},"excerpt":{"rendered":"<p>&nbsp;<\/p>\n","protected":false},"author":9,"featured_media":3856,"parent":0,"menu_order":0,"comment_status":"closed","ping_status":"closed","template":"","meta":{"_acf_changed":false,"inline_featured_image":false,"footnotes":""},"categories":[],"class_list":["post-4326","page","type-page","status-publish","has-post-thumbnail","hentry"],"acf":[],"yoast_head":"<!-- This site is optimized with the Yoast SEO plugin v27.3 - https:\/\/yoast.com\/product\/yoast-seo-wordpress\/ -->\n<title>Producent sp\u0119czanych na zimno cz\u0119\u015bci do pojazd\u00f3w elektrycznych - Bonioni<\/title>\n<meta name=\"robots\" content=\"index, follow, max-snippet:-1, max-image-preview:large, max-video-preview:-1\" \/>\n<link rel=\"canonical\" href=\"https:\/\/www.bonioni.com\/pl\/producent-speczanych-na-zimno-czesci-do-pojazdow-elektrycznych-e-mobilnosc\/\" \/>\n<meta property=\"og:locale\" content=\"pl_PL\" \/>\n<meta property=\"og:type\" content=\"article\" \/>\n<meta property=\"og:title\" content=\"Producent sp\u0119czanych na zimno cz\u0119\u015bci do pojazd\u00f3w elektrycznych - Bonioni\" \/>\n<meta property=\"og:description\" content=\"&nbsp;\" \/>\n<meta property=\"og:url\" content=\"https:\/\/www.bonioni.com\/pl\/producent-speczanych-na-zimno-czesci-do-pojazdow-elektrycznych-e-mobilnosc\/\" \/>\n<meta property=\"og:site_name\" content=\"Bonioni\" \/>\n<meta property=\"article:modified_time\" content=\"2024-07-17T23:06:25+00:00\" \/>\n<meta property=\"og:image\" content=\"https:\/\/www.bonioni.com\/app\/uploads\/2023\/04\/cold-forming-part-electric-hybrid-car.jpg\" \/>\n\t<meta property=\"og:image:width\" content=\"1640\" \/>\n\t<meta property=\"og:image:height\" content=\"924\" \/>\n\t<meta property=\"og:image:type\" content=\"image\/jpeg\" \/>\n<meta name=\"twitter:card\" content=\"summary_large_image\" \/>\n<script type=\"application\/ld+json\" class=\"yoast-schema-graph\">{\"@context\":\"https:\\\/\\\/schema.org\",\"@graph\":[{\"@type\":\"WebPage\",\"@id\":\"https:\\\/\\\/www.bonioni.com\\\/pl\\\/producent-speczanych-na-zimno-czesci-do-pojazdow-elektrycznych-e-mobilnosc\\\/\",\"url\":\"https:\\\/\\\/www.bonioni.com\\\/pl\\\/producent-speczanych-na-zimno-czesci-do-pojazdow-elektrycznych-e-mobilnosc\\\/\",\"name\":\"Producent sp\u0119czanych na zimno cz\u0119\u015bci do pojazd\u00f3w elektrycznych - Bonioni\",\"isPartOf\":{\"@id\":\"https:\\\/\\\/www.bonioni.com\\\/pl\\\/#website\"},\"primaryImageOfPage\":{\"@id\":\"https:\\\/\\\/www.bonioni.com\\\/pl\\\/producent-speczanych-na-zimno-czesci-do-pojazdow-elektrycznych-e-mobilnosc\\\/#primaryimage\"},\"image\":{\"@id\":\"https:\\\/\\\/www.bonioni.com\\\/pl\\\/producent-speczanych-na-zimno-czesci-do-pojazdow-elektrycznych-e-mobilnosc\\\/#primaryimage\"},\"thumbnailUrl\":\"https:\\\/\\\/www.bonioni.com\\\/app\\\/uploads\\\/2023\\\/04\\\/cold-forming-part-electric-hybrid-car.jpg\",\"datePublished\":\"2024-07-17T22:27:05+00:00\",\"dateModified\":\"2024-07-17T23:06:25+00:00\",\"breadcrumb\":{\"@id\":\"https:\\\/\\\/www.bonioni.com\\\/pl\\\/producent-speczanych-na-zimno-czesci-do-pojazdow-elektrycznych-e-mobilnosc\\\/#breadcrumb\"},\"inLanguage\":\"pl-PL\",\"potentialAction\":[{\"@type\":\"ReadAction\",\"target\":[\"https:\\\/\\\/www.bonioni.com\\\/pl\\\/producent-speczanych-na-zimno-czesci-do-pojazdow-elektrycznych-e-mobilnosc\\\/\"]}]},{\"@type\":\"ImageObject\",\"inLanguage\":\"pl-PL\",\"@id\":\"https:\\\/\\\/www.bonioni.com\\\/pl\\\/producent-speczanych-na-zimno-czesci-do-pojazdow-elektrycznych-e-mobilnosc\\\/#primaryimage\",\"url\":\"https:\\\/\\\/www.bonioni.com\\\/app\\\/uploads\\\/2023\\\/04\\\/cold-forming-part-electric-hybrid-car.jpg\",\"contentUrl\":\"https:\\\/\\\/www.bonioni.com\\\/app\\\/uploads\\\/2023\\\/04\\\/cold-forming-part-electric-hybrid-car.jpg\",\"width\":1640,\"height\":924,\"caption\":\"cold forming part electric hybrid car\"},{\"@type\":\"BreadcrumbList\",\"@id\":\"https:\\\/\\\/www.bonioni.com\\\/pl\\\/producent-speczanych-na-zimno-czesci-do-pojazdow-elektrycznych-e-mobilnosc\\\/#breadcrumb\",\"itemListElement\":[{\"@type\":\"ListItem\",\"position\":1,\"name\":\"Home\",\"item\":\"https:\\\/\\\/www.bonioni.com\\\/pl\\\/\"},{\"@type\":\"ListItem\",\"position\":2,\"name\":\"Producent sp\u0119czanych na zimno cz\u0119\u015bci do pojazd\u00f3w elektrycznych\"}]},{\"@type\":\"WebSite\",\"@id\":\"https:\\\/\\\/www.bonioni.com\\\/pl\\\/#website\",\"url\":\"https:\\\/\\\/www.bonioni.com\\\/pl\\\/\",\"name\":\"Bonioni\",\"description\":\"Expert de la frappe \u00e0 froid depuis 1956\",\"potentialAction\":[{\"@type\":\"SearchAction\",\"target\":{\"@type\":\"EntryPoint\",\"urlTemplate\":\"https:\\\/\\\/www.bonioni.com\\\/pl\\\/?s={search_term_string}\"},\"query-input\":{\"@type\":\"PropertyValueSpecification\",\"valueRequired\":true,\"valueName\":\"search_term_string\"}}],\"inLanguage\":\"pl-PL\"}]}<\/script>\n<!-- \/ Yoast SEO plugin. -->","yoast_head_json":{"title":"Producent sp\u0119czanych na zimno cz\u0119\u015bci do pojazd\u00f3w elektrycznych - Bonioni","robots":{"index":"index","follow":"follow","max-snippet":"max-snippet:-1","max-image-preview":"max-image-preview:large","max-video-preview":"max-video-preview:-1"},"canonical":"https:\/\/www.bonioni.com\/pl\/producent-speczanych-na-zimno-czesci-do-pojazdow-elektrycznych-e-mobilnosc\/","og_locale":"pl_PL","og_type":"article","og_title":"Producent sp\u0119czanych na zimno cz\u0119\u015bci do pojazd\u00f3w elektrycznych - Bonioni","og_description":"&nbsp;","og_url":"https:\/\/www.bonioni.com\/pl\/producent-speczanych-na-zimno-czesci-do-pojazdow-elektrycznych-e-mobilnosc\/","og_site_name":"Bonioni","article_modified_time":"2024-07-17T23:06:25+00:00","og_image":[{"width":1640,"height":924,"url":"https:\/\/www.bonioni.com\/app\/uploads\/2023\/04\/cold-forming-part-electric-hybrid-car.jpg","type":"image\/jpeg"}],"twitter_card":"summary_large_image","schema":{"@context":"https:\/\/schema.org","@graph":[{"@type":"WebPage","@id":"https:\/\/www.bonioni.com\/pl\/producent-speczanych-na-zimno-czesci-do-pojazdow-elektrycznych-e-mobilnosc\/","url":"https:\/\/www.bonioni.com\/pl\/producent-speczanych-na-zimno-czesci-do-pojazdow-elektrycznych-e-mobilnosc\/","name":"Producent sp\u0119czanych na zimno cz\u0119\u015bci do pojazd\u00f3w elektrycznych - Bonioni","isPartOf":{"@id":"https:\/\/www.bonioni.com\/pl\/#website"},"primaryImageOfPage":{"@id":"https:\/\/www.bonioni.com\/pl\/producent-speczanych-na-zimno-czesci-do-pojazdow-elektrycznych-e-mobilnosc\/#primaryimage"},"image":{"@id":"https:\/\/www.bonioni.com\/pl\/producent-speczanych-na-zimno-czesci-do-pojazdow-elektrycznych-e-mobilnosc\/#primaryimage"},"thumbnailUrl":"https:\/\/www.bonioni.com\/app\/uploads\/2023\/04\/cold-forming-part-electric-hybrid-car.jpg","datePublished":"2024-07-17T22:27:05+00:00","dateModified":"2024-07-17T23:06:25+00:00","breadcrumb":{"@id":"https:\/\/www.bonioni.com\/pl\/producent-speczanych-na-zimno-czesci-do-pojazdow-elektrycznych-e-mobilnosc\/#breadcrumb"},"inLanguage":"pl-PL","potentialAction":[{"@type":"ReadAction","target":["https:\/\/www.bonioni.com\/pl\/producent-speczanych-na-zimno-czesci-do-pojazdow-elektrycznych-e-mobilnosc\/"]}]},{"@type":"ImageObject","inLanguage":"pl-PL","@id":"https:\/\/www.bonioni.com\/pl\/producent-speczanych-na-zimno-czesci-do-pojazdow-elektrycznych-e-mobilnosc\/#primaryimage","url":"https:\/\/www.bonioni.com\/app\/uploads\/2023\/04\/cold-forming-part-electric-hybrid-car.jpg","contentUrl":"https:\/\/www.bonioni.com\/app\/uploads\/2023\/04\/cold-forming-part-electric-hybrid-car.jpg","width":1640,"height":924,"caption":"cold forming part electric hybrid car"},{"@type":"BreadcrumbList","@id":"https:\/\/www.bonioni.com\/pl\/producent-speczanych-na-zimno-czesci-do-pojazdow-elektrycznych-e-mobilnosc\/#breadcrumb","itemListElement":[{"@type":"ListItem","position":1,"name":"Home","item":"https:\/\/www.bonioni.com\/pl\/"},{"@type":"ListItem","position":2,"name":"Producent sp\u0119czanych na zimno cz\u0119\u015bci do pojazd\u00f3w elektrycznych"}]},{"@type":"WebSite","@id":"https:\/\/www.bonioni.com\/pl\/#website","url":"https:\/\/www.bonioni.com\/pl\/","name":"Bonioni","description":"Expert de la frappe \u00e0 froid depuis 1956","potentialAction":[{"@type":"SearchAction","target":{"@type":"EntryPoint","urlTemplate":"https:\/\/www.bonioni.com\/pl\/?s={search_term_string}"},"query-input":{"@type":"PropertyValueSpecification","valueRequired":true,"valueName":"search_term_string"}}],"inLanguage":"pl-PL"}]}},"_links":{"self":[{"href":"https:\/\/www.bonioni.com\/pl\/wp-json\/wp\/v2\/pages\/4326","targetHints":{"allow":["GET"]}}],"collection":[{"href":"https:\/\/www.bonioni.com\/pl\/wp-json\/wp\/v2\/pages"}],"about":[{"href":"https:\/\/www.bonioni.com\/pl\/wp-json\/wp\/v2\/types\/page"}],"author":[{"embeddable":true,"href":"https:\/\/www.bonioni.com\/pl\/wp-json\/wp\/v2\/users\/9"}],"replies":[{"embeddable":true,"href":"https:\/\/www.bonioni.com\/pl\/wp-json\/wp\/v2\/comments?post=4326"}],"version-history":[{"count":3,"href":"https:\/\/www.bonioni.com\/pl\/wp-json\/wp\/v2\/pages\/4326\/revisions"}],"predecessor-version":[{"id":4344,"href":"https:\/\/www.bonioni.com\/pl\/wp-json\/wp\/v2\/pages\/4326\/revisions\/4344"}],"wp:featuredmedia":[{"embeddable":true,"href":"https:\/\/www.bonioni.com\/pl\/wp-json\/wp\/v2\/media\/3856"}],"wp:attachment":[{"href":"https:\/\/www.bonioni.com\/pl\/wp-json\/wp\/v2\/media?parent=4326"}],"wp:term":[{"taxonomy":"category","embeddable":true,"href":"https:\/\/www.bonioni.com\/pl\/wp-json\/wp\/v2\/categories?post=4326"}],"curies":[{"name":"wp","href":"https:\/\/api.w.org\/{rel}","templated":true}]}}