{"id":4412,"date":"2024-07-29T08:19:42","date_gmt":"2024-07-29T06:19:42","guid":{"rendered":"https:\/\/www.bonioni.com\/?page_id=4412"},"modified":"2025-12-16T09:21:40","modified_gmt":"2025-12-16T08:21:40","slug":"bonioni-zrownowazony-rozwoj-ecovadis","status":"publish","type":"page","link":"https:\/\/www.bonioni.com\/pl\/bonioni-zrownowazony-rozwoj-ecovadis\/","title":{"rendered":"BONIONI &#8211; Zr\u00f3wnowa\u017cony rozw\u00f3j &#8211; ECOVADIS"},"content":{"rendered":"<p>&nbsp;<\/p>\n<div id=\"sconnect-is-installed\" style=\"display: none;\"><\/div>\n<div id=\"sconnect-is-installed\" style=\"display: none;\"><\/div>\n<div id=\"sconnect-is-installed\" style=\"display: none;\"><\/div>\n<div id=\"sconnect-is-installed\" style=\"display: none;\"><\/div>\n<div id=\"sconnect-is-installed\" style=\"display: none;\"><\/div>\n<div id=\"sconnect-is-installed\" style=\"display: none;\"><\/div>\n","protected":false},"excerpt":{"rendered":"<p>&nbsp;<\/p>\n","protected":false},"author":9,"featured_media":4252,"parent":0,"menu_order":0,"comment_status":"closed","ping_status":"closed","template":"","meta":{"_acf_changed":false,"inline_featured_image":false,"footnotes":""},"categories":[],"class_list":["post-4412","page","type-page","status-publish","has-post-thumbnail","hentry"],"acf":[],"yoast_head":"<!-- This site is optimized with the Yoast SEO plugin v27.4 - https:\/\/yoast.com\/product\/yoast-seo-wordpress\/ -->\n<title>BONIONI - Zr\u00f3wnowa\u017cony rozw\u00f3j - ECOVADIS - Bonioni<\/title>\n<meta name=\"description\" content=\"BONIONI - Zr\u00f3wnowa\u017cony rozw\u00f3j\" \/>\n<meta name=\"robots\" content=\"index, follow, max-snippet:-1, max-image-preview:large, max-video-preview:-1\" \/>\n<link rel=\"canonical\" href=\"https:\/\/www.bonioni.com\/pl\/bonioni-zrownowazony-rozwoj-ecovadis\/\" \/>\n<meta property=\"og:locale\" content=\"pl_PL\" \/>\n<meta property=\"og:type\" content=\"article\" \/>\n<meta property=\"og:title\" content=\"BONIONI - Zr\u00f3wnowa\u017cony rozw\u00f3j - ECOVADIS - Bonioni\" \/>\n<meta property=\"og:description\" content=\"BONIONI - Zr\u00f3wnowa\u017cony rozw\u00f3j\" \/>\n<meta property=\"og:url\" content=\"https:\/\/www.bonioni.com\/pl\/bonioni-zrownowazony-rozwoj-ecovadis\/\" \/>\n<meta property=\"og:site_name\" content=\"Bonioni\" \/>\n<meta property=\"article:modified_time\" content=\"2025-12-16T08:21:40+00:00\" \/>\n<meta property=\"og:image\" content=\"https:\/\/www.bonioni.com\/app\/uploads\/2024\/06\/bonioni-sortie-entreprise.jpg\" \/>\n\t<meta property=\"og:image:width\" content=\"1024\" \/>\n\t<meta property=\"og:image:height\" content=\"768\" \/>\n\t<meta property=\"og:image:type\" content=\"image\/jpeg\" \/>\n<meta name=\"twitter:card\" content=\"summary_large_image\" \/>\n<script type=\"application\/ld+json\" class=\"yoast-schema-graph\">{\"@context\":\"https:\\\/\\\/schema.org\",\"@graph\":[{\"@type\":\"WebPage\",\"@id\":\"https:\\\/\\\/www.bonioni.com\\\/pl\\\/bonioni-zrownowazony-rozwoj-ecovadis\\\/\",\"url\":\"https:\\\/\\\/www.bonioni.com\\\/pl\\\/bonioni-zrownowazony-rozwoj-ecovadis\\\/\",\"name\":\"BONIONI - Zr\u00f3wnowa\u017cony rozw\u00f3j - ECOVADIS - Bonioni\",\"isPartOf\":{\"@id\":\"https:\\\/\\\/www.bonioni.com\\\/pl\\\/#website\"},\"primaryImageOfPage\":{\"@id\":\"https:\\\/\\\/www.bonioni.com\\\/pl\\\/bonioni-zrownowazony-rozwoj-ecovadis\\\/#primaryimage\"},\"image\":{\"@id\":\"https:\\\/\\\/www.bonioni.com\\\/pl\\\/bonioni-zrownowazony-rozwoj-ecovadis\\\/#primaryimage\"},\"thumbnailUrl\":\"https:\\\/\\\/www.bonioni.com\\\/app\\\/uploads\\\/2024\\\/06\\\/bonioni-sortie-entreprise.jpg\",\"datePublished\":\"2024-07-29T06:19:42+00:00\",\"dateModified\":\"2025-12-16T08:21:40+00:00\",\"description\":\"BONIONI - Zr\u00f3wnowa\u017cony rozw\u00f3j\",\"breadcrumb\":{\"@id\":\"https:\\\/\\\/www.bonioni.com\\\/pl\\\/bonioni-zrownowazony-rozwoj-ecovadis\\\/#breadcrumb\"},\"inLanguage\":\"pl-PL\",\"potentialAction\":[{\"@type\":\"ReadAction\",\"target\":[\"https:\\\/\\\/www.bonioni.com\\\/pl\\\/bonioni-zrownowazony-rozwoj-ecovadis\\\/\"]}]},{\"@type\":\"ImageObject\",\"inLanguage\":\"pl-PL\",\"@id\":\"https:\\\/\\\/www.bonioni.com\\\/pl\\\/bonioni-zrownowazony-rozwoj-ecovadis\\\/#primaryimage\",\"url\":\"https:\\\/\\\/www.bonioni.com\\\/app\\\/uploads\\\/2024\\\/06\\\/bonioni-sortie-entreprise.jpg\",\"contentUrl\":\"https:\\\/\\\/www.bonioni.com\\\/app\\\/uploads\\\/2024\\\/06\\\/bonioni-sortie-entreprise.jpg\",\"width\":1024,\"height\":768},{\"@type\":\"BreadcrumbList\",\"@id\":\"https:\\\/\\\/www.bonioni.com\\\/pl\\\/bonioni-zrownowazony-rozwoj-ecovadis\\\/#breadcrumb\",\"itemListElement\":[{\"@type\":\"ListItem\",\"position\":1,\"name\":\"Home\",\"item\":\"https:\\\/\\\/www.bonioni.com\\\/pl\\\/\"},{\"@type\":\"ListItem\",\"position\":2,\"name\":\"BONIONI &#8211; Zr\u00f3wnowa\u017cony rozw\u00f3j &#8211; ECOVADIS\"}]},{\"@type\":\"WebSite\",\"@id\":\"https:\\\/\\\/www.bonioni.com\\\/pl\\\/#website\",\"url\":\"https:\\\/\\\/www.bonioni.com\\\/pl\\\/\",\"name\":\"Bonioni\",\"description\":\"Expert de la frappe \u00e0 froid depuis 1956\",\"potentialAction\":[{\"@type\":\"SearchAction\",\"target\":{\"@type\":\"EntryPoint\",\"urlTemplate\":\"https:\\\/\\\/www.bonioni.com\\\/pl\\\/?s={search_term_string}\"},\"query-input\":{\"@type\":\"PropertyValueSpecification\",\"valueRequired\":true,\"valueName\":\"search_term_string\"}}],\"inLanguage\":\"pl-PL\"}]}<\/script>\n<!-- \/ Yoast SEO plugin. -->","yoast_head_json":{"title":"BONIONI - Zr\u00f3wnowa\u017cony rozw\u00f3j - ECOVADIS - Bonioni","description":"BONIONI - Zr\u00f3wnowa\u017cony rozw\u00f3j","robots":{"index":"index","follow":"follow","max-snippet":"max-snippet:-1","max-image-preview":"max-image-preview:large","max-video-preview":"max-video-preview:-1"},"canonical":"https:\/\/www.bonioni.com\/pl\/bonioni-zrownowazony-rozwoj-ecovadis\/","og_locale":"pl_PL","og_type":"article","og_title":"BONIONI - Zr\u00f3wnowa\u017cony rozw\u00f3j - ECOVADIS - Bonioni","og_description":"BONIONI - Zr\u00f3wnowa\u017cony rozw\u00f3j","og_url":"https:\/\/www.bonioni.com\/pl\/bonioni-zrownowazony-rozwoj-ecovadis\/","og_site_name":"Bonioni","article_modified_time":"2025-12-16T08:21:40+00:00","og_image":[{"width":1024,"height":768,"url":"https:\/\/www.bonioni.com\/app\/uploads\/2024\/06\/bonioni-sortie-entreprise.jpg","type":"image\/jpeg"}],"twitter_card":"summary_large_image","schema":{"@context":"https:\/\/schema.org","@graph":[{"@type":"WebPage","@id":"https:\/\/www.bonioni.com\/pl\/bonioni-zrownowazony-rozwoj-ecovadis\/","url":"https:\/\/www.bonioni.com\/pl\/bonioni-zrownowazony-rozwoj-ecovadis\/","name":"BONIONI - Zr\u00f3wnowa\u017cony rozw\u00f3j - ECOVADIS - Bonioni","isPartOf":{"@id":"https:\/\/www.bonioni.com\/pl\/#website"},"primaryImageOfPage":{"@id":"https:\/\/www.bonioni.com\/pl\/bonioni-zrownowazony-rozwoj-ecovadis\/#primaryimage"},"image":{"@id":"https:\/\/www.bonioni.com\/pl\/bonioni-zrownowazony-rozwoj-ecovadis\/#primaryimage"},"thumbnailUrl":"https:\/\/www.bonioni.com\/app\/uploads\/2024\/06\/bonioni-sortie-entreprise.jpg","datePublished":"2024-07-29T06:19:42+00:00","dateModified":"2025-12-16T08:21:40+00:00","description":"BONIONI - Zr\u00f3wnowa\u017cony rozw\u00f3j","breadcrumb":{"@id":"https:\/\/www.bonioni.com\/pl\/bonioni-zrownowazony-rozwoj-ecovadis\/#breadcrumb"},"inLanguage":"pl-PL","potentialAction":[{"@type":"ReadAction","target":["https:\/\/www.bonioni.com\/pl\/bonioni-zrownowazony-rozwoj-ecovadis\/"]}]},{"@type":"ImageObject","inLanguage":"pl-PL","@id":"https:\/\/www.bonioni.com\/pl\/bonioni-zrownowazony-rozwoj-ecovadis\/#primaryimage","url":"https:\/\/www.bonioni.com\/app\/uploads\/2024\/06\/bonioni-sortie-entreprise.jpg","contentUrl":"https:\/\/www.bonioni.com\/app\/uploads\/2024\/06\/bonioni-sortie-entreprise.jpg","width":1024,"height":768},{"@type":"BreadcrumbList","@id":"https:\/\/www.bonioni.com\/pl\/bonioni-zrownowazony-rozwoj-ecovadis\/#breadcrumb","itemListElement":[{"@type":"ListItem","position":1,"name":"Home","item":"https:\/\/www.bonioni.com\/pl\/"},{"@type":"ListItem","position":2,"name":"BONIONI &#8211; Zr\u00f3wnowa\u017cony rozw\u00f3j &#8211; ECOVADIS"}]},{"@type":"WebSite","@id":"https:\/\/www.bonioni.com\/pl\/#website","url":"https:\/\/www.bonioni.com\/pl\/","name":"Bonioni","description":"Expert de la frappe \u00e0 froid depuis 1956","potentialAction":[{"@type":"SearchAction","target":{"@type":"EntryPoint","urlTemplate":"https:\/\/www.bonioni.com\/pl\/?s={search_term_string}"},"query-input":{"@type":"PropertyValueSpecification","valueRequired":true,"valueName":"search_term_string"}}],"inLanguage":"pl-PL"}]}},"_links":{"self":[{"href":"https:\/\/www.bonioni.com\/pl\/wp-json\/wp\/v2\/pages\/4412","targetHints":{"allow":["GET"]}}],"collection":[{"href":"https:\/\/www.bonioni.com\/pl\/wp-json\/wp\/v2\/pages"}],"about":[{"href":"https:\/\/www.bonioni.com\/pl\/wp-json\/wp\/v2\/types\/page"}],"author":[{"embeddable":true,"href":"https:\/\/www.bonioni.com\/pl\/wp-json\/wp\/v2\/users\/9"}],"replies":[{"embeddable":true,"href":"https:\/\/www.bonioni.com\/pl\/wp-json\/wp\/v2\/comments?post=4412"}],"version-history":[{"count":3,"href":"https:\/\/www.bonioni.com\/pl\/wp-json\/wp\/v2\/pages\/4412\/revisions"}],"predecessor-version":[{"id":4821,"href":"https:\/\/www.bonioni.com\/pl\/wp-json\/wp\/v2\/pages\/4412\/revisions\/4821"}],"wp:featuredmedia":[{"embeddable":true,"href":"https:\/\/www.bonioni.com\/pl\/wp-json\/wp\/v2\/media\/4252"}],"wp:attachment":[{"href":"https:\/\/www.bonioni.com\/pl\/wp-json\/wp\/v2\/media?parent=4412"}],"wp:term":[{"taxonomy":"category","embeddable":true,"href":"https:\/\/www.bonioni.com\/pl\/wp-json\/wp\/v2\/categories?post=4412"}],"curies":[{"name":"wp","href":"https:\/\/api.w.org\/{rel}","templated":true}]}}