{"id":1826,"date":"2021-02-08T14:42:30","date_gmt":"2021-02-08T13:42:30","guid":{"rendered":"https:\/\/www.bonioni.com\/produit\/pieces-speciales-sur-plan\/"},"modified":"2025-12-19T15:08:52","modified_gmt":"2025-12-19T14:08:52","slug":"czesci-specjalne-wedlug-rysunku","status":"publish","type":"product","link":"https:\/\/www.bonioni.com\/pl\/produit\/czesci-specjalne-wedlug-rysunku\/","title":{"rendered":"Cz\u0119\u015bci specjalne wed\u0142ug rysunku"},"content":{"rendered":"<p>&nbsp;<\/p>\n<div id=\"sconnect-is-installed\" style=\"display: none;\"><\/div>\n<div id=\"sconnect-is-installed\" style=\"display: none;\"><\/div>\n","protected":false},"featured_media":1827,"template":"","class_list":["post-1826","product","type-product","status-publish","has-post-thumbnail","hentry"],"acf":[],"yoast_head":"<!-- This site is optimized with the Yoast SEO plugin v27.3 - https:\/\/yoast.com\/product\/yoast-seo-wordpress\/ -->\n<title>Cz\u0119\u015bci specjalne wed\u0142ug rysunku - Bonioni<\/title>\n<meta name=\"robots\" content=\"index, follow, max-snippet:-1, max-image-preview:large, max-video-preview:-1\" \/>\n<link rel=\"canonical\" href=\"https:\/\/www.bonioni.com\/pl\/produit\/czesci-specjalne-wedlug-rysunku\/\" \/>\n<meta property=\"og:locale\" content=\"pl_PL\" \/>\n<meta property=\"og:type\" content=\"article\" \/>\n<meta property=\"og:title\" content=\"Cz\u0119\u015bci specjalne wed\u0142ug rysunku - Bonioni\" \/>\n<meta property=\"og:description\" content=\"&nbsp;\" \/>\n<meta property=\"og:url\" content=\"https:\/\/www.bonioni.com\/pl\/produit\/czesci-specjalne-wedlug-rysunku\/\" \/>\n<meta property=\"og:site_name\" content=\"Bonioni\" \/>\n<meta property=\"article:modified_time\" content=\"2025-12-19T14:08:52+00:00\" \/>\n<meta property=\"og:image\" content=\"https:\/\/www.bonioni.com\/app\/uploads\/2021\/02\/bonioni-dsc5581.jpg\" \/>\n\t<meta property=\"og:image:width\" content=\"903\" \/>\n\t<meta property=\"og:image:height\" content=\"450\" \/>\n\t<meta property=\"og:image:type\" content=\"image\/jpeg\" \/>\n<meta name=\"twitter:card\" content=\"summary_large_image\" \/>\n<script type=\"application\/ld+json\" class=\"yoast-schema-graph\">{\"@context\":\"https:\\\/\\\/schema.org\",\"@graph\":[{\"@type\":\"WebPage\",\"@id\":\"https:\\\/\\\/www.bonioni.com\\\/pl\\\/produit\\\/czesci-specjalne-wedlug-rysunku\\\/\",\"url\":\"https:\\\/\\\/www.bonioni.com\\\/pl\\\/produit\\\/czesci-specjalne-wedlug-rysunku\\\/\",\"name\":\"Cz\u0119\u015bci specjalne wed\u0142ug rysunku - Bonioni\",\"isPartOf\":{\"@id\":\"https:\\\/\\\/www.bonioni.com\\\/pl\\\/#website\"},\"primaryImageOfPage\":{\"@id\":\"https:\\\/\\\/www.bonioni.com\\\/pl\\\/produit\\\/czesci-specjalne-wedlug-rysunku\\\/#primaryimage\"},\"image\":{\"@id\":\"https:\\\/\\\/www.bonioni.com\\\/pl\\\/produit\\\/czesci-specjalne-wedlug-rysunku\\\/#primaryimage\"},\"thumbnailUrl\":\"https:\\\/\\\/www.bonioni.com\\\/app\\\/uploads\\\/2021\\\/02\\\/bonioni-dsc5581.jpg\",\"datePublished\":\"2021-02-08T13:42:30+00:00\",\"dateModified\":\"2025-12-19T14:08:52+00:00\",\"breadcrumb\":{\"@id\":\"https:\\\/\\\/www.bonioni.com\\\/pl\\\/produit\\\/czesci-specjalne-wedlug-rysunku\\\/#breadcrumb\"},\"inLanguage\":\"pl-PL\",\"potentialAction\":[{\"@type\":\"ReadAction\",\"target\":[\"https:\\\/\\\/www.bonioni.com\\\/pl\\\/produit\\\/czesci-specjalne-wedlug-rysunku\\\/\"]}]},{\"@type\":\"ImageObject\",\"inLanguage\":\"pl-PL\",\"@id\":\"https:\\\/\\\/www.bonioni.com\\\/pl\\\/produit\\\/czesci-specjalne-wedlug-rysunku\\\/#primaryimage\",\"url\":\"https:\\\/\\\/www.bonioni.com\\\/app\\\/uploads\\\/2021\\\/02\\\/bonioni-dsc5581.jpg\",\"contentUrl\":\"https:\\\/\\\/www.bonioni.com\\\/app\\\/uploads\\\/2021\\\/02\\\/bonioni-dsc5581.jpg\",\"width\":903,\"height\":450},{\"@type\":\"BreadcrumbList\",\"@id\":\"https:\\\/\\\/www.bonioni.com\\\/pl\\\/produit\\\/czesci-specjalne-wedlug-rysunku\\\/#breadcrumb\",\"itemListElement\":[{\"@type\":\"ListItem\",\"position\":1,\"name\":\"Home\",\"item\":\"https:\\\/\\\/www.bonioni.com\\\/pl\\\/\"},{\"@type\":\"ListItem\",\"position\":2,\"name\":\"Cz\u0119\u015bci specjalne wed\u0142ug rysunku\"}]},{\"@type\":\"WebSite\",\"@id\":\"https:\\\/\\\/www.bonioni.com\\\/pl\\\/#website\",\"url\":\"https:\\\/\\\/www.bonioni.com\\\/pl\\\/\",\"name\":\"Bonioni\",\"description\":\"Expert de la frappe \u00e0 froid depuis 1956\",\"potentialAction\":[{\"@type\":\"SearchAction\",\"target\":{\"@type\":\"EntryPoint\",\"urlTemplate\":\"https:\\\/\\\/www.bonioni.com\\\/pl\\\/?s={search_term_string}\"},\"query-input\":{\"@type\":\"PropertyValueSpecification\",\"valueRequired\":true,\"valueName\":\"search_term_string\"}}],\"inLanguage\":\"pl-PL\"}]}<\/script>\n<!-- \/ Yoast SEO plugin. -->","yoast_head_json":{"title":"Cz\u0119\u015bci specjalne wed\u0142ug rysunku - Bonioni","robots":{"index":"index","follow":"follow","max-snippet":"max-snippet:-1","max-image-preview":"max-image-preview:large","max-video-preview":"max-video-preview:-1"},"canonical":"https:\/\/www.bonioni.com\/pl\/produit\/czesci-specjalne-wedlug-rysunku\/","og_locale":"pl_PL","og_type":"article","og_title":"Cz\u0119\u015bci specjalne wed\u0142ug rysunku - Bonioni","og_description":"&nbsp;","og_url":"https:\/\/www.bonioni.com\/pl\/produit\/czesci-specjalne-wedlug-rysunku\/","og_site_name":"Bonioni","article_modified_time":"2025-12-19T14:08:52+00:00","og_image":[{"width":903,"height":450,"url":"https:\/\/www.bonioni.com\/app\/uploads\/2021\/02\/bonioni-dsc5581.jpg","type":"image\/jpeg"}],"twitter_card":"summary_large_image","schema":{"@context":"https:\/\/schema.org","@graph":[{"@type":"WebPage","@id":"https:\/\/www.bonioni.com\/pl\/produit\/czesci-specjalne-wedlug-rysunku\/","url":"https:\/\/www.bonioni.com\/pl\/produit\/czesci-specjalne-wedlug-rysunku\/","name":"Cz\u0119\u015bci specjalne wed\u0142ug rysunku - Bonioni","isPartOf":{"@id":"https:\/\/www.bonioni.com\/pl\/#website"},"primaryImageOfPage":{"@id":"https:\/\/www.bonioni.com\/pl\/produit\/czesci-specjalne-wedlug-rysunku\/#primaryimage"},"image":{"@id":"https:\/\/www.bonioni.com\/pl\/produit\/czesci-specjalne-wedlug-rysunku\/#primaryimage"},"thumbnailUrl":"https:\/\/www.bonioni.com\/app\/uploads\/2021\/02\/bonioni-dsc5581.jpg","datePublished":"2021-02-08T13:42:30+00:00","dateModified":"2025-12-19T14:08:52+00:00","breadcrumb":{"@id":"https:\/\/www.bonioni.com\/pl\/produit\/czesci-specjalne-wedlug-rysunku\/#breadcrumb"},"inLanguage":"pl-PL","potentialAction":[{"@type":"ReadAction","target":["https:\/\/www.bonioni.com\/pl\/produit\/czesci-specjalne-wedlug-rysunku\/"]}]},{"@type":"ImageObject","inLanguage":"pl-PL","@id":"https:\/\/www.bonioni.com\/pl\/produit\/czesci-specjalne-wedlug-rysunku\/#primaryimage","url":"https:\/\/www.bonioni.com\/app\/uploads\/2021\/02\/bonioni-dsc5581.jpg","contentUrl":"https:\/\/www.bonioni.com\/app\/uploads\/2021\/02\/bonioni-dsc5581.jpg","width":903,"height":450},{"@type":"BreadcrumbList","@id":"https:\/\/www.bonioni.com\/pl\/produit\/czesci-specjalne-wedlug-rysunku\/#breadcrumb","itemListElement":[{"@type":"ListItem","position":1,"name":"Home","item":"https:\/\/www.bonioni.com\/pl\/"},{"@type":"ListItem","position":2,"name":"Cz\u0119\u015bci specjalne wed\u0142ug rysunku"}]},{"@type":"WebSite","@id":"https:\/\/www.bonioni.com\/pl\/#website","url":"https:\/\/www.bonioni.com\/pl\/","name":"Bonioni","description":"Expert de la frappe \u00e0 froid depuis 1956","potentialAction":[{"@type":"SearchAction","target":{"@type":"EntryPoint","urlTemplate":"https:\/\/www.bonioni.com\/pl\/?s={search_term_string}"},"query-input":{"@type":"PropertyValueSpecification","valueRequired":true,"valueName":"search_term_string"}}],"inLanguage":"pl-PL"}]}},"_links":{"self":[{"href":"https:\/\/www.bonioni.com\/pl\/wp-json\/wp\/v2\/product\/1826","targetHints":{"allow":["GET"]}}],"collection":[{"href":"https:\/\/www.bonioni.com\/pl\/wp-json\/wp\/v2\/product"}],"about":[{"href":"https:\/\/www.bonioni.com\/pl\/wp-json\/wp\/v2\/types\/product"}],"wp:featuredmedia":[{"embeddable":true,"href":"https:\/\/www.bonioni.com\/pl\/wp-json\/wp\/v2\/media\/1827"}],"wp:attachment":[{"href":"https:\/\/www.bonioni.com\/pl\/wp-json\/wp\/v2\/media?parent=1826"}],"curies":[{"name":"wp","href":"https:\/\/api.w.org\/{rel}","templated":true}]}}